{"id":5,"date":"2019-05-13T11:36:08","date_gmt":"2019-05-13T09:36:08","guid":{"rendered":"https:\/\/www.neurocognitivism.com\/en\/?page_id=5"},"modified":"2021-03-09T11:16:28","modified_gmt":"2021-03-09T10:16:28","slug":"home","status":"publish","type":"page","link":"https:\/\/www.neurocognitivism.com\/en\/","title":{"rendered":"Home"},"content":{"rendered":"<p>[et_pb_section fb_built=&#8221;1&#8243; _builder_version=&#8221;4.9.0&#8243; _module_preset=&#8221;default&#8221; custom_margin=&#8221;0px||||false|false&#8221; custom_padding=&#8221;0px||10px||false|false&#8221;][et_pb_row _builder_version=&#8221;4.9.0&#8243; _module_preset=&#8221;default&#8221; custom_margin=&#8221;0px||0px||false|false&#8221; custom_padding=&#8221;0px||0px||false|false&#8221;][et_pb_column type=&#8221;4_4&#8243; _builder_version=&#8221;4.9.0&#8243; _module_preset=&#8221;default&#8221;][et_pb_image src=&#8221;https:\/\/www.neurocognitivism.com\/en\/wp-content\/uploads\/sites\/4\/2021\/03\/Logo-in-international.png&#8221; title_text=&#8221;Logo-in-international&#8221; align=&#8221;center&#8221; _builder_version=&#8221;4.9.0&#8243; _module_preset=&#8221;default&#8221; max_height=&#8221;150px&#8221; custom_padding=&#8221;0px|0px|0px|0px|false|false&#8221;][\/et_pb_image][\/et_pb_column][\/et_pb_row][\/et_pb_section][et_pb_section fb_built=&#8221;1&#8243; fullwidth=&#8221;on&#8221; _builder_version=&#8221;4.9.0&#8243; _module_preset=&#8221;default&#8221;][et_pb_fullwidth_header background_overlay_color=&#8221;rgba(2,72,93,0.6)&#8221; _builder_version=&#8221;4.9.0&#8243; _module_preset=&#8221;default&#8221; title_font=&#8221;|600|||||||&#8221; title_font_size=&#8221;50px&#8221; subhead_text_color=&#8221;#FFFFFF&#8221; subhead_font_size=&#8221;24px&#8221; background_video_mp4=&#8221;https:\/\/www.neurocognitivism.com\/wp-content\/uploads\/2021\/03\/1034542856-preview.mp4&#8243; background_layout=&#8221;light&#8221; custom_padding=&#8221;140px||140px||false|false&#8221;]<\/p>\n<h1 class=\"et_pb_module_header\">Explore Adaptive Intelligence<\/h1>\n<p><span class=\"et_pb_fullwidth_header_subhead\">D\u00e9couvrez et appliquez les clefs de l&#8217;Intelligence Adaptative pr\u00e9sente en chacun de nous.<\/span><\/p>\n<p>[\/et_pb_fullwidth_header][\/et_pb_section][et_pb_section fb_built=&#8221;1&#8243; admin_label=&#8221;Service Section&#8221; _builder_version=&#8221;4.9.0&#8243; custom_margin=&#8221;|||&#8221; custom_padding=&#8221;30px||20px||false|false&#8221;][et_pb_row admin_label=&#8221;Service Section Title&#8221; _builder_version=&#8221;3.25&#8243; custom_margin=&#8221;|auto|0px|auto||&#8221; animation_style=&#8221;fade&#8221; animation_direction=&#8221;top&#8221; saved_tabs=&#8221;all&#8221;][et_pb_column type=&#8221;4_4&#8243; _builder_version=&#8221;3.25&#8243; custom_padding=&#8221;|||&#8221; custom_padding__hover=&#8221;|||&#8221;][et_pb_text admin_label=&#8221;Subtitle&#8221; _builder_version=&#8221;4.9.0&#8243; text_font=&#8221;||||||||&#8221; text_text_color=&#8221;#747d88&#8243; text_font_size=&#8221;24px&#8221; text_line_height=&#8221;1.8em&#8221; header_font=&#8221;||||||||&#8221; text_orientation=&#8221;center&#8221; module_alignment=&#8221;center&#8221; custom_margin=&#8221;|||&#8221; animation_style=&#8221;slide&#8221; animation_direction=&#8221;bottom&#8221; animation_delay=&#8221;100ms&#8221; animation_intensity_slide=&#8221;4%&#8221;]<\/p>\n<p>Les multiples bouleversements tant \u00e9conomiques que soci\u00e9taux que nous vivons bousculent tous nos rep\u00e8res et imposent une transformation acc\u00e9l\u00e9r\u00e9e des modes de vie et de travail. La possibilit\u00e9 de recourir \u00e0 un accompagnement humain de qualit\u00e9 s\u2019av\u00e8re plus importante que jamais.<\/p>\n<p>[\/et_pb_text][et_pb_text admin_label=&#8221;Subtitle&#8221; _builder_version=&#8221;4.9.0&#8243; text_font=&#8221;||||||||&#8221; text_text_color=&#8221;#747d88&#8243; text_font_size=&#8221;24px&#8221; text_line_height=&#8221;1.8em&#8221; header_font=&#8221;||||||||&#8221; text_orientation=&#8221;center&#8221; module_alignment=&#8221;center&#8221; custom_margin=&#8221;|||&#8221; animation_style=&#8221;slide&#8221; animation_direction=&#8221;bottom&#8221; animation_delay=&#8221;100ms&#8221; animation_intensity_slide=&#8221;4%&#8221;]<\/p>\n<p>Nos solutions sont issues de recherches appliqu\u00e9es en neurosciences et en sciences humaines. Dispens\u00e9es dans nos deux Instituts, <strong>INC France<\/strong> et <strong>INC Belux<\/strong>, nos formations certifiantes renforcent votre expertise dans la compr\u00e9hension des comportements humains et vous permettent d\u2019avoir un impact distinctif dans vos accompagnements individuels ou collectifs.<\/p>\n<p>[\/et_pb_text][\/et_pb_column][\/et_pb_row][\/et_pb_section][et_pb_section fb_built=&#8221;1&#8243; custom_padding_last_edited=&#8221;on|phone&#8221; admin_label=&#8221;Fun Fact Section&#8221; _builder_version=&#8221;4.9.0&#8243; background_color=&#8221;#fcb731&#8243; custom_margin=&#8221;||-18px|||&#8221; custom_padding=&#8221;17px||0px||false|false&#8221; custom_padding_tablet=&#8221;&#8221; custom_padding_phone=&#8221;&#8221;][et_pb_row admin_label=&#8221;Service Section Title&#8221; _builder_version=&#8221;3.25&#8243; custom_margin=&#8221;|auto|19px|auto||&#8221; custom_padding=&#8221;||50px|||&#8221; animation_style=&#8221;fade&#8221; animation_direction=&#8221;top&#8221; saved_tabs=&#8221;all&#8221;][et_pb_column type=&#8221;4_4&#8243; _builder_version=&#8221;3.25&#8243; custom_padding=&#8221;|||&#8221; custom_padding__hover=&#8221;|||&#8221;][et_pb_text admin_label=&#8221;Title&#8221; _builder_version=&#8221;4.9.0&#8243; text_font=&#8221;Montserrat||||||||&#8221; text_text_color=&#8221;#747d88&#8243; text_line_height=&#8221;1.9em&#8221; header_font=&#8221;||||||||&#8221; header_2_font=&#8221;||||||||&#8221; header_2_text_color=&#8221;#FFFFFF&#8221; header_2_font_size=&#8221;42px&#8221; header_2_line_height=&#8221;1.3em&#8221; text_orientation=&#8221;center&#8221; module_alignment=&#8221;center&#8221; animation_style=&#8221;slide&#8221; animation_direction=&#8221;bottom&#8221; animation_intensity_slide=&#8221;4%&#8221; header_2_font_size_tablet=&#8221;&#8221; header_2_font_size_phone=&#8221;32px&#8221; header_2_font_size_last_edited=&#8221;on|phone&#8221;]<\/p>\n<h2>INC International\u00a0est l\u2019organisme officiel de certification \u00e0 l\u2019Approche Neurocognitive et Comportementale (ANC)<\/h2>\n<p>[\/et_pb_text][et_pb_text admin_label=&#8221;Subtitle&#8221; _builder_version=&#8221;4.9.0&#8243; text_font=&#8221;|600|||||||&#8221; text_text_color=&#8221;#7f7f7f&#8221; text_font_size=&#8221;18px&#8221; text_line_height=&#8221;1.8em&#8221; header_font=&#8221;||||||||&#8221; text_orientation=&#8221;center&#8221; module_alignment=&#8221;center&#8221; custom_margin=&#8221;|||&#8221; animation_style=&#8221;slide&#8221; animation_direction=&#8221;bottom&#8221; animation_delay=&#8221;100ms&#8221; animation_intensity_slide=&#8221;4%&#8221; text_text_color_last_edited=&#8221;off|desktop&#8221; max_width__hover_enabled=&#8221;on|desktop&#8221;]<\/p>\n<p>La certification INC International, <br \/>la cr\u00e9dibilit\u00e9 et la reconnaissance n\u00e9cessaires \u00e0 l\u2019exercice de votre pratique<\/p>\n<p>[\/et_pb_text][\/et_pb_column][\/et_pb_row][\/et_pb_section][et_pb_section fb_built=&#8221;1&#8243; admin_label=&#8221;Latest Work Section&#8221; _builder_version=&#8221;4.9.0&#8243; background_color=&#8221;#f7f7f7&#8243; min_height=&#8221;524.1px&#8221; custom_padding=&#8221;||||false|false&#8221;][et_pb_row column_structure=&#8221;1_2,1_2&#8243; admin_label=&#8221;Service Section Title&#8221; _builder_version=&#8221;3.25&#8243; custom_margin=&#8221;||40px|&#8221; animation_style=&#8221;fade&#8221; animation_direction=&#8221;top&#8221; saved_tabs=&#8221;all&#8221;][et_pb_column type=&#8221;1_2&#8243; _builder_version=&#8221;3.25&#8243; custom_padding=&#8221;|||&#8221; custom_padding__hover=&#8221;|||&#8221;][et_pb_text admin_label=&#8221;Title&#8221; _builder_version=&#8221;4.9.0&#8243; text_font=&#8221;Montserrat||||||||&#8221; text_text_color=&#8221;#747d88&#8243; text_line_height=&#8221;1.9em&#8221; header_font=&#8221;||||||||&#8221; header_2_font=&#8221;|||on|||||&#8221; header_2_font_size=&#8221;36px&#8221; header_2_line_height=&#8221;1.3em&#8221; text_orientation=&#8221;center&#8221; max_width=&#8221;700px&#8221; module_alignment=&#8221;center&#8221; animation_style=&#8221;slide&#8221; animation_direction=&#8221;bottom&#8221; animation_intensity_slide=&#8221;4%&#8221;]<\/p>\n<h2>Belux<\/h2>\n<p>[\/et_pb_text][et_pb_image src=&#8221;https:\/\/www.neurocognitivism.com\/en\/wp-content\/uploads\/sites\/4\/2021\/03\/bruxelles-bleu.png&#8221; title_text=&#8221;bruxelles-bleu&#8221; url=&#8221;https:\/\/www.neurocognitivism.be&#8221; use_overlay=&#8221;on&#8221; overlay_icon_color=&#8221;#fcb731&#8243; hover_icon=&#8221;%%28%%&#8221; align=&#8221;center&#8221; _builder_version=&#8221;4.9.0&#8243; _module_preset=&#8221;default&#8221; max_height=&#8221;150px&#8221;][\/et_pb_image][et_pb_button button_url=&#8221;https:\/\/www.neurocognitivism.be&#8221; button_text=&#8221;Acc\u00e9der au site&#8221; button_alignment=&#8221;center&#8221; _builder_version=&#8221;4.9.0&#8243; custom_button=&#8221;on&#8221; button_text_color=&#8221;#747d88&#8243; button_border_width=&#8221;4px&#8221; button_border_color=&#8221;#747d88&#8243; button_border_radius=&#8221;100px&#8221; button_letter_spacing=&#8221;2px&#8221; button_font=&#8221;|700||on|||||&#8221; button_icon=&#8221;%%36%%&#8221; button_icon_color=&#8221;#747d88&#8243; animation_style=&#8221;flip&#8221; animation_direction=&#8221;right&#8221; animation_intensity_flip=&#8221;20%&#8221; button_text_color_hover=&#8221;#747d88&#8243; button_border_color_hover=&#8221;#747d88&#8243; button_letter_spacing_hover=&#8221;2px&#8221; button_bg_color_hover=&#8221;rgba(0,0,0,0)&#8221; button_text_size__hover_enabled=&#8221;off&#8221; button_one_text_size__hover_enabled=&#8221;off&#8221; button_two_text_size__hover_enabled=&#8221;off&#8221; button_text_color__hover_enabled=&#8221;on&#8221; button_text_color__hover=&#8221;#747d88&#8243; button_one_text_color__hover_enabled=&#8221;off&#8221; button_two_text_color__hover_enabled=&#8221;off&#8221; button_border_width__hover_enabled=&#8221;off&#8221; button_one_border_width__hover_enabled=&#8221;off&#8221; button_two_border_width__hover_enabled=&#8221;off&#8221; button_border_color__hover_enabled=&#8221;on&#8221; button_border_color__hover=&#8221;#747d88&#8243; button_one_border_color__hover_enabled=&#8221;off&#8221; button_two_border_color__hover_enabled=&#8221;off&#8221; button_border_radius__hover_enabled=&#8221;off&#8221; button_one_border_radius__hover_enabled=&#8221;off&#8221; button_two_border_radius__hover_enabled=&#8221;off&#8221; button_letter_spacing__hover_enabled=&#8221;on&#8221; button_letter_spacing__hover=&#8221;2px&#8221; button_one_letter_spacing__hover_enabled=&#8221;off&#8221; button_two_letter_spacing__hover_enabled=&#8221;off&#8221; button_bg_color__hover_enabled=&#8221;on&#8221; button_bg_color__hover=&#8221;rgba(0,0,0,0)&#8221; button_one_bg_color__hover_enabled=&#8221;off&#8221; button_two_bg_color__hover_enabled=&#8221;off&#8221;][\/et_pb_button][\/et_pb_column][et_pb_column type=&#8221;1_2&#8243; _builder_version=&#8221;3.25&#8243; custom_padding=&#8221;|||&#8221; custom_padding__hover=&#8221;|||&#8221;][et_pb_text admin_label=&#8221;Title&#8221; _builder_version=&#8221;4.9.0&#8243; text_font=&#8221;Montserrat||||||||&#8221; text_text_color=&#8221;#747d88&#8243; text_line_height=&#8221;1.9em&#8221; header_font=&#8221;||||||||&#8221; header_2_font=&#8221;|||on|||||&#8221; header_2_font_size=&#8221;36px&#8221; header_2_line_height=&#8221;1.3em&#8221; text_orientation=&#8221;center&#8221; max_width=&#8221;700px&#8221; module_alignment=&#8221;center&#8221; animation_style=&#8221;slide&#8221; animation_direction=&#8221;bottom&#8221; animation_intensity_slide=&#8221;4%&#8221;]<\/p>\n<h2>France<\/h2>\n<p>[\/et_pb_text][et_pb_image src=&#8221;https:\/\/www.neurocognitivism.com\/en\/wp-content\/uploads\/sites\/4\/2021\/03\/paris-bleu.png&#8221; title_text=&#8221;paris-bleu&#8221; url=&#8221;https:\/\/www.neurocognitivism.fr&#8221; use_overlay=&#8221;on&#8221; overlay_icon_color=&#8221;#fcb731&#8243; hover_icon=&#8221;%%28%%&#8221; align=&#8221;center&#8221; _builder_version=&#8221;4.9.0&#8243; _module_preset=&#8221;default&#8221; max_height=&#8221;150px&#8221;][\/et_pb_image][et_pb_button button_url=&#8221;https:\/\/www.neurocognitivism.fr&#8221; button_text=&#8221;Acc\u00e9der au site&#8221; button_alignment=&#8221;center&#8221; _builder_version=&#8221;4.9.0&#8243; custom_button=&#8221;on&#8221; button_text_color=&#8221;#747d88&#8243; button_border_width=&#8221;4px&#8221; button_border_color=&#8221;#747d88&#8243; button_border_radius=&#8221;100px&#8221; button_letter_spacing=&#8221;2px&#8221; button_font=&#8221;|700||on|||||&#8221; button_icon=&#8221;%%36%%&#8221; button_icon_color=&#8221;#747d88&#8243; animation_style=&#8221;flip&#8221; animation_direction=&#8221;right&#8221; animation_intensity_flip=&#8221;20%&#8221; button_text_color_hover=&#8221;#747d88&#8243; button_border_color_hover=&#8221;#747d88&#8243; button_letter_spacing_hover=&#8221;2px&#8221; button_bg_color_hover=&#8221;rgba(0,0,0,0)&#8221; button_text_size__hover_enabled=&#8221;off&#8221; button_one_text_size__hover_enabled=&#8221;off&#8221; button_two_text_size__hover_enabled=&#8221;off&#8221; button_text_color__hover_enabled=&#8221;on&#8221; button_text_color__hover=&#8221;#747d88&#8243; button_one_text_color__hover_enabled=&#8221;off&#8221; button_two_text_color__hover_enabled=&#8221;off&#8221; button_border_width__hover_enabled=&#8221;off&#8221; button_one_border_width__hover_enabled=&#8221;off&#8221; button_two_border_width__hover_enabled=&#8221;off&#8221; button_border_color__hover_enabled=&#8221;on&#8221; button_border_color__hover=&#8221;#747d88&#8243; button_one_border_color__hover_enabled=&#8221;off&#8221; button_two_border_color__hover_enabled=&#8221;off&#8221; button_border_radius__hover_enabled=&#8221;off&#8221; button_one_border_radius__hover_enabled=&#8221;off&#8221; button_two_border_radius__hover_enabled=&#8221;off&#8221; button_letter_spacing__hover_enabled=&#8221;on&#8221; button_letter_spacing__hover=&#8221;2px&#8221; button_one_letter_spacing__hover_enabled=&#8221;off&#8221; button_two_letter_spacing__hover_enabled=&#8221;off&#8221; button_bg_color__hover_enabled=&#8221;on&#8221; button_bg_color__hover=&#8221;rgba(0,0,0,0)&#8221; button_one_bg_color__hover_enabled=&#8221;off&#8221; button_two_bg_color__hover_enabled=&#8221;off&#8221;][\/et_pb_button][\/et_pb_column][\/et_pb_row][\/et_pb_section]<\/p>\n","protected":false},"excerpt":{"rendered":"<p>Explore Adaptive Intelligence D\u00e9couvrez et appliquez les clefs de l&#8217;Intelligence Adaptative pr\u00e9sente en chacun de nous.Les multiples bouleversements tant \u00e9conomiques que soci\u00e9taux que nous vivons bousculent tous nos rep\u00e8res et imposent une transformation acc\u00e9l\u00e9r\u00e9e des modes de vie et de travail. La possibilit\u00e9 de recourir \u00e0 un accompagnement humain de qualit\u00e9 s\u2019av\u00e8re plus importante que [&hellip;]<\/p>\n","protected":false},"author":1,"featured_media":0,"parent":0,"menu_order":0,"comment_status":"closed","ping_status":"closed","template":"page-template-blank.php","meta":{"_et_pb_use_builder":"on","_et_pb_old_content":"","_et_gb_content_width":"","footnotes":""},"yoast_head":"<!-- This site is optimized with the Yoast SEO plugin v22.0 - https:\/\/yoast.com\/wordpress\/plugins\/seo\/ -->\n<title>Home - Institute of Neurocognitivism EN<\/title>\n<meta name=\"robots\" content=\"index, follow, max-snippet:-1, max-image-preview:large, max-video-preview:-1\" \/>\n<link rel=\"canonical\" href=\"https:\/\/www.neurocognitivism.com\/en\/\" \/>\n<meta property=\"og:locale\" content=\"en_US\" \/>\n<meta property=\"og:type\" content=\"article\" \/>\n<meta property=\"og:title\" content=\"Home - Institute of Neurocognitivism EN\" \/>\n<meta property=\"og:description\" content=\"Explore Adaptive Intelligence D\u00e9couvrez et appliquez les clefs de l&#039;Intelligence Adaptative pr\u00e9sente en chacun de nous.Les multiples bouleversements tant \u00e9conomiques que soci\u00e9taux que nous vivons bousculent tous nos rep\u00e8res et imposent une transformation acc\u00e9l\u00e9r\u00e9e des modes de vie et de travail. La possibilit\u00e9 de recourir \u00e0 un accompagnement humain de qualit\u00e9 s\u2019av\u00e8re plus importante que [&hellip;]\" \/>\n<meta property=\"og:url\" content=\"https:\/\/www.neurocognitivism.com\/en\/\" \/>\n<meta property=\"og:site_name\" content=\"Institute of Neurocognitivism EN\" \/>\n<meta property=\"article:modified_time\" content=\"2021-03-09T10:16:28+00:00\" \/>\n<meta name=\"twitter:card\" content=\"summary_large_image\" \/>\n<meta name=\"twitter:label1\" content=\"Est. reading time\" \/>\n\t<meta name=\"twitter:data1\" content=\"7 minutes\" \/>\n<script type=\"application\/ld+json\" class=\"yoast-schema-graph\">{\"@context\":\"https:\/\/schema.org\",\"@graph\":[{\"@type\":\"WebPage\",\"@id\":\"https:\/\/www.neurocognitivism.com\/en\/\",\"url\":\"https:\/\/www.neurocognitivism.com\/en\/\",\"name\":\"Home - Institute of Neurocognitivism EN\",\"isPartOf\":{\"@id\":\"https:\/\/www.neurocognitivism.com\/en\/#website\"},\"datePublished\":\"2019-05-13T09:36:08+00:00\",\"dateModified\":\"2021-03-09T10:16:28+00:00\",\"breadcrumb\":{\"@id\":\"https:\/\/www.neurocognitivism.com\/en\/#breadcrumb\"},\"inLanguage\":\"en-US\",\"potentialAction\":[{\"@type\":\"ReadAction\",\"target\":[\"https:\/\/www.neurocognitivism.com\/en\/\"]}]},{\"@type\":\"BreadcrumbList\",\"@id\":\"https:\/\/www.neurocognitivism.com\/en\/#breadcrumb\",\"itemListElement\":[{\"@type\":\"ListItem\",\"position\":1,\"name\":\"Accueil\",\"item\":\"https:\/\/www.neurocognitivism.com\/en\/\"},{\"@type\":\"ListItem\",\"position\":2,\"name\":\"Home\"}]},{\"@type\":\"WebSite\",\"@id\":\"https:\/\/www.neurocognitivism.com\/en\/#website\",\"url\":\"https:\/\/www.neurocognitivism.com\/en\/\",\"name\":\"Institute of Neurocognitivism EN\",\"description\":\"Explore adaptive intelligence\",\"potentialAction\":[{\"@type\":\"SearchAction\",\"target\":{\"@type\":\"EntryPoint\",\"urlTemplate\":\"https:\/\/www.neurocognitivism.com\/en\/?s={search_term_string}\"},\"query-input\":\"required name=search_term_string\"}],\"inLanguage\":\"en-US\"}]}<\/script>\n<!-- \/ Yoast SEO plugin. -->","yoast_head_json":{"title":"Home - Institute of Neurocognitivism EN","robots":{"index":"index","follow":"follow","max-snippet":"max-snippet:-1","max-image-preview":"max-image-preview:large","max-video-preview":"max-video-preview:-1"},"canonical":"https:\/\/www.neurocognitivism.com\/en\/","og_locale":"en_US","og_type":"article","og_title":"Home - Institute of Neurocognitivism EN","og_description":"Explore Adaptive Intelligence D\u00e9couvrez et appliquez les clefs de l'Intelligence Adaptative pr\u00e9sente en chacun de nous.Les multiples bouleversements tant \u00e9conomiques que soci\u00e9taux que nous vivons bousculent tous nos rep\u00e8res et imposent une transformation acc\u00e9l\u00e9r\u00e9e des modes de vie et de travail. La possibilit\u00e9 de recourir \u00e0 un accompagnement humain de qualit\u00e9 s\u2019av\u00e8re plus importante que [&hellip;]","og_url":"https:\/\/www.neurocognitivism.com\/en\/","og_site_name":"Institute of Neurocognitivism EN","article_modified_time":"2021-03-09T10:16:28+00:00","twitter_card":"summary_large_image","twitter_misc":{"Est. reading time":"7 minutes"},"schema":{"@context":"https:\/\/schema.org","@graph":[{"@type":"WebPage","@id":"https:\/\/www.neurocognitivism.com\/en\/","url":"https:\/\/www.neurocognitivism.com\/en\/","name":"Home - Institute of Neurocognitivism EN","isPartOf":{"@id":"https:\/\/www.neurocognitivism.com\/en\/#website"},"datePublished":"2019-05-13T09:36:08+00:00","dateModified":"2021-03-09T10:16:28+00:00","breadcrumb":{"@id":"https:\/\/www.neurocognitivism.com\/en\/#breadcrumb"},"inLanguage":"en-US","potentialAction":[{"@type":"ReadAction","target":["https:\/\/www.neurocognitivism.com\/en\/"]}]},{"@type":"BreadcrumbList","@id":"https:\/\/www.neurocognitivism.com\/en\/#breadcrumb","itemListElement":[{"@type":"ListItem","position":1,"name":"Accueil","item":"https:\/\/www.neurocognitivism.com\/en\/"},{"@type":"ListItem","position":2,"name":"Home"}]},{"@type":"WebSite","@id":"https:\/\/www.neurocognitivism.com\/en\/#website","url":"https:\/\/www.neurocognitivism.com\/en\/","name":"Institute of Neurocognitivism EN","description":"Explore adaptive intelligence","potentialAction":[{"@type":"SearchAction","target":{"@type":"EntryPoint","urlTemplate":"https:\/\/www.neurocognitivism.com\/en\/?s={search_term_string}"},"query-input":"required name=search_term_string"}],"inLanguage":"en-US"}]}},"_links":{"self":[{"href":"https:\/\/www.neurocognitivism.com\/en\/wp-json\/wp\/v2\/pages\/5"}],"collection":[{"href":"https:\/\/www.neurocognitivism.com\/en\/wp-json\/wp\/v2\/pages"}],"about":[{"href":"https:\/\/www.neurocognitivism.com\/en\/wp-json\/wp\/v2\/types\/page"}],"author":[{"embeddable":true,"href":"https:\/\/www.neurocognitivism.com\/en\/wp-json\/wp\/v2\/users\/1"}],"replies":[{"embeddable":true,"href":"https:\/\/www.neurocognitivism.com\/en\/wp-json\/wp\/v2\/comments?post=5"}],"version-history":[{"count":14,"href":"https:\/\/www.neurocognitivism.com\/en\/wp-json\/wp\/v2\/pages\/5\/revisions"}],"predecessor-version":[{"id":2171,"href":"https:\/\/www.neurocognitivism.com\/en\/wp-json\/wp\/v2\/pages\/5\/revisions\/2171"}],"wp:attachment":[{"href":"https:\/\/www.neurocognitivism.com\/en\/wp-json\/wp\/v2\/media?parent=5"}],"curies":[{"name":"wp","href":"https:\/\/api.w.org\/{rel}","templated":true}]}}